{"id":10,"date":"2025-09-30T23:57:44","date_gmt":"2025-09-30T21:57:44","guid":{"rendered":"http:\/\/localhost:8888\/CamLex\/?page_id=10"},"modified":"2025-12-31T15:03:10","modified_gmt":"2025-12-31T14:03:10","slug":"bienvenue","status":"publish","type":"page","link":"https:\/\/camalex2026.fr\/","title":{"rendered":"Bienvenue"},"content":{"rendered":"\t\t<div data-elementor-type=\"wp-page\" data-elementor-id=\"10\" class=\"elementor elementor-10\">\n\t\t\t\t<div class=\"elementor-element elementor-element-437b351 e-flex e-con-boxed e-con e-parent\" data-id=\"437b351\" data-element_type=\"container\">\n\t\t\t\t\t<div class=\"e-con-inner\">\n\t\t<div class=\"elementor-element elementor-element-66dff98 e-con-full e-flex e-con e-child\" data-id=\"66dff98\" data-element_type=\"container\">\n\t\t<div class=\"elementor-element elementor-element-b1a08f0 e-con-full e-flex e-con e-child\" data-id=\"b1a08f0\" data-element_type=\"container\">\n\t\t\t\t<div class=\"elementor-element elementor-element-f53c217 elementor-widget-divider--view-line elementor-widget elementor-widget-divider\" data-id=\"f53c217\" data-element_type=\"widget\" data-widget_type=\"divider.default\">\n\t\t\t\t\t\t\t<div class=\"elementor-divider\">\n\t\t\t<span class=\"elementor-divider-separator\">\n\t\t\t\t\t\t<\/span>\n\t\t<\/div>\n\t\t\t\t\t\t<\/div>\n\t\t\t\t<div class=\"elementor-element elementor-element-ed8b7bc elementor-widget elementor-widget-heading\" data-id=\"ed8b7bc\" data-element_type=\"widget\" data-widget_type=\"heading.default\">\n\t\t\t\t\t<h1 class=\"elementor-heading-title elementor-size-default\"> <p>Camille<\/p>   \n<p>&amp;<\/p>\n<p>Alexandre<\/p><\/h1>\t\t\t\t<\/div>\n\t\t\t\t<div class=\"elementor-element elementor-element-6ffd600 elementor-widget-divider--view-line elementor-widget elementor-widget-divider\" data-id=\"6ffd600\" data-element_type=\"widget\" data-widget_type=\"divider.default\">\n\t\t\t\t\t\t\t<div class=\"elementor-divider\">\n\t\t\t<span class=\"elementor-divider-separator\">\n\t\t\t\t\t\t<\/span>\n\t\t<\/div>\n\t\t\t\t\t\t<\/div>\n\t\t\t\t<div class=\"elementor-element elementor-element-fc3710d elementor-widget elementor-widget-heading\" data-id=\"fc3710d\" data-element_type=\"widget\" data-widget_type=\"heading.default\">\n\t\t\t\t\t<h2 class=\"elementor-heading-title elementor-size-default\">Se marient !<\/h2>\t\t\t\t<\/div>\n\t\t\t\t<\/div>\n\t\t\t\t<\/div>\n\t\t<div class=\"elementor-element elementor-element-bbdb4b3 e-con-full e-flex e-con e-child\" data-id=\"bbdb4b3\" data-element_type=\"container\">\n\t\t<style id=\"eael-image-masking-c14d2ec\">.eael-image-masking-c14d2ec img {mask-image: url(https:\/\/camalex2026.fr\/wp-content\/plugins\/essential-addons-for-elementor-lite\/assets\/front-end\/img\/image-masking\/svg-shapes\/oval.svg); -webkit-mask-image: url(https:\/\/camalex2026.fr\/wp-content\/plugins\/essential-addons-for-elementor-lite\/assets\/front-end\/img\/image-masking\/svg-shapes\/oval.svg);}<\/style>\t\t<div class=\"eael-image-masking-c14d2ec elementor-element elementor-element-c14d2ec e-transform elementor-widget elementor-widget-image\" data-id=\"c14d2ec\" data-element_type=\"widget\" data-settings=\"{&quot;_transform_rotateZ_effect&quot;:{&quot;unit&quot;:&quot;px&quot;,&quot;size&quot;:&quot;&quot;,&quot;sizes&quot;:[]},&quot;_transform_rotateZ_effect_tablet&quot;:{&quot;unit&quot;:&quot;deg&quot;,&quot;size&quot;:&quot;&quot;,&quot;sizes&quot;:[]},&quot;_transform_rotateZ_effect_mobile&quot;:{&quot;unit&quot;:&quot;deg&quot;,&quot;size&quot;:&quot;&quot;,&quot;sizes&quot;:[]}}\" data-widget_type=\"image.default\">\n\t\t\t\t\t\t\t\t\t\t\t\t\t\t\t<img fetchpriority=\"high\" decoding=\"async\" width=\"768\" height=\"1024\" src=\"https:\/\/camalex2026.fr\/wp-content\/uploads\/2025\/12\/WhatsApp-Image-2025-12-07-at-18.48.13-768x1024.jpeg\" class=\"attachment-large size-large wp-image-854\" alt=\"\" srcset=\"https:\/\/camalex2026.fr\/wp-content\/uploads\/2025\/12\/WhatsApp-Image-2025-12-07-at-18.48.13-768x1024.jpeg 768w, https:\/\/camalex2026.fr\/wp-content\/uploads\/2025\/12\/WhatsApp-Image-2025-12-07-at-18.48.13-225x300.jpeg 225w, https:\/\/camalex2026.fr\/wp-content\/uploads\/2025\/12\/WhatsApp-Image-2025-12-07-at-18.48.13-1152x1536.jpeg 1152w, https:\/\/camalex2026.fr\/wp-content\/uploads\/2025\/12\/WhatsApp-Image-2025-12-07-at-18.48.13.jpeg 1200w\" sizes=\"(max-width: 768px) 100vw, 768px\" \/>\t\t\t\t\t\t\t\t\t\t\t\t\t\t\t<\/div>\n\t\t\t\t<\/div>\n\t\t\t\t\t<\/div>\n\t\t\t\t<\/div>\n\t\t<div class=\"elementor-element elementor-element-f3309d5 e-flex e-con-boxed e-con e-parent\" data-id=\"f3309d5\" data-element_type=\"container\">\n\t\t\t\t\t<div class=\"e-con-inner\">\n\t\t\t\t<div class=\"elementor-element elementor-element-9675a17 elementor-widget elementor-widget-spacer\" data-id=\"9675a17\" data-element_type=\"widget\" data-widget_type=\"spacer.default\">\n\t\t\t\t\t\t\t<div class=\"elementor-spacer\">\n\t\t\t<div class=\"elementor-spacer-inner\"><\/div>\n\t\t<\/div>\n\t\t\t\t\t\t<\/div>\n\t\t\t\t<div class=\"elementor-element elementor-element-56d6939 elementor-widget elementor-widget-eael-countdown\" data-id=\"56d6939\" data-element_type=\"widget\" data-widget_type=\"eael-countdown.default\">\n\t\t\t\t\t\n\t\t<div class=\"eael-countdown-wrapper\" data-countdown-id=\"56d6939\" data-expire-type=\"none\" data-countdown-type=\"due_date\">\n\t\t\t<div class=\"eael-countdown-container eael-countdown-label-block  eael-countdown-label-block-mobile \">\n                                    <ul id=\"eael-countdown-56d6939\" class=\"eael-countdown-items\" data-date=\"Jul 04 2026 0:00:00 +2\">\n                        <li class=\"eael-countdown-item\"><div class=\"eael-countdown-days\"><span data-days class=\"eael-countdown-digits\">00<\/span><span class=\"eael-countdown-label\">Days<\/span><\/div><\/li>                        <li class=\"eael-countdown-item\"><div class=\"eael-countdown-hours\"><span data-hours class=\"eael-countdown-digits\">00<\/span><span class=\"eael-countdown-label\">Hours<\/span><\/div><\/li>                        <li class=\"eael-countdown-item\"><div class=\"eael-countdown-minutes\"><span data-minutes class=\"eael-countdown-digits\">00<\/span><span class=\"eael-countdown-label\">Minutes<\/span><\/div><\/li>                        <li class=\"eael-countdown-item\"><div class=\"eael-countdown-seconds\"><span data-seconds class=\"eael-countdown-digits\">00<\/span><span class=\"eael-countdown-label\">Seconds<\/span><\/div><\/li>                    <\/ul>\n                    <div class=\"eael-countdown-expiry-template\" style=\"display: none;\">\n                                            <\/div>\n               \n\t\t\t    <div class=\"clearfix\"><\/div>\n\t\t\t<\/div>\n\t\t<\/div>\n\n\t\t\t\t\t<\/div>\n\t\t\t\t<div class=\"elementor-element elementor-element-49392d8 elementor-widget elementor-widget-spacer\" data-id=\"49392d8\" data-element_type=\"widget\" data-widget_type=\"spacer.default\">\n\t\t\t\t\t\t\t<div class=\"elementor-spacer\">\n\t\t\t<div class=\"elementor-spacer-inner\"><\/div>\n\t\t<\/div>\n\t\t\t\t\t\t<\/div>\n\t\t\t\t\t<\/div>\n\t\t\t\t<\/div>\n\t\t<div class=\"elementor-element elementor-element-0a27ec4 e-flex e-con-boxed e-con e-parent\" data-id=\"0a27ec4\" data-element_type=\"container\">\n\t\t\t\t\t<div class=\"e-con-inner\">\n\t\t\t\t<div class=\"elementor-element elementor-element-351ac75 elementor-widget elementor-widget-heading\" data-id=\"351ac75\" data-element_type=\"widget\" data-widget_type=\"heading.default\">\n\t\t\t\t\t<h2 class=\"elementor-heading-title elementor-size-default\">Bienvenue au mariage de Camille et Alexandre<\/h2>\t\t\t\t<\/div>\n\t\t\t\t\t<\/div>\n\t\t\t\t<\/div>\n\t\t<div class=\"elementor-element elementor-element-14ab5ab e-flex e-con-boxed e-con e-parent\" data-id=\"14ab5ab\" data-element_type=\"container\">\n\t\t\t\t\t<div class=\"e-con-inner\">\n\t\t<div class=\"elementor-element elementor-element-ebdaf5a e-con-full e-flex e-con e-child\" data-id=\"ebdaf5a\" data-element_type=\"container\">\n\t\t\t\t<div class=\"elementor-element elementor-element-cdb0ee7 elementor-widget elementor-widget-heading\" data-id=\"cdb0ee7\" data-element_type=\"widget\" data-widget_type=\"heading.default\">\n\t\t\t\t\t<h2 class=\"elementor-heading-title elementor-size-default\">Le 4 juillet 2026<\/h2>\t\t\t\t<\/div>\n\t\t\t\t<\/div>\n\t\t<div class=\"elementor-element elementor-element-103ef1d e-con-full e-flex e-con e-child\" data-id=\"103ef1d\" data-element_type=\"container\">\n\t\t\t\t<div class=\"elementor-element elementor-element-854c8cd elementor-widget elementor-widget-heading\" data-id=\"854c8cd\" data-element_type=\"widget\" data-widget_type=\"heading.default\">\n\t\t\t\t\t<h2 class=\"elementor-heading-title elementor-size-default\"><p>Manoir de la No\u00e9 Verte, Lanloup <br><br>Bretagne<span style=\", sans-serif;font-size: 26px;font-style: italic;font-weight: 500\"><\/span><\/p><\/h2>\t\t\t\t<\/div>\n\t\t\t\t<\/div>\n\t\t\t\t\t<\/div>\n\t\t\t\t<\/div>\n\t\t<div class=\"elementor-element elementor-element-d930855 e-flex e-con-boxed e-con e-parent\" data-id=\"d930855\" data-element_type=\"container\">\n\t\t\t\t\t<div class=\"e-con-inner\">\n\t\t\t\t<div class=\"elementor-element elementor-element-3535c08 elementor-widget elementor-widget-text-editor\" data-id=\"3535c08\" data-element_type=\"widget\" data-widget_type=\"text-editor.default\">\n\t\t\t\t\t\t\t\t\t<p>Ch\u00e8re famille, Chers amis,<\/p>\n<p>Nous avons l\u2019immense bonheur de vous convier \u00e0 notre mariage.<\/p>\n<p>Ce site a \u00e9t\u00e9 cr\u00e9\u00e9 pour vous accompagner jusqu\u2019\u00e0 ce grand jour.<\/p>\n<p>Vous y trouverez toutes les informations pratiques, le programme de la journ\u00e9e et quelques conseils pour pr\u00e9parer votre venue.<\/p>\n<p>Si vous souhaitez prolonger votre s\u00e9jour dans les C\u00f4tes-d\u2019Armor, nous vous avons pr\u00e9par\u00e9 quelques lieux \u00e0 ne pas manquer&nbsp;!<\/p>\n<p>Rendez-vous dans la section \u00ab&nbsp;Visiter les C\u00f4tes-d\u2019Armor&nbsp;\u00bb.<\/p>\n<p>Un espace commentaire est \u00e9galement disponible en cas de questions. Nous y r\u00e9pondrons avec plaisir.<\/p>\n<p>Nous avons h\u00e2te de partager ce moment unique avec vous, entour\u00e9s de ceux que nous aimons.<\/p>\n<p>Merci d\u2019avance pour votre pr\u00e9sence, vos sourires et votre bonne humeur&nbsp;!<\/p>\n<p>Avec tout notre amour,<\/p>\n<p>Camille &amp; Alexandre.<\/p>\t\t\t\t\t\t\t\t<\/div>\n\t\t\t\t\t<\/div>\n\t\t\t\t<\/div>\n\t\t<div class=\"elementor-element elementor-element-6a37509 e-flex e-con-boxed e-con e-parent\" data-id=\"6a37509\" data-element_type=\"container\">\n\t\t\t\t\t<div class=\"e-con-inner\">\n\t\t\t\t<div class=\"elementor-element elementor-element-666e05a elementor-widget elementor-widget-image\" data-id=\"666e05a\" data-element_type=\"widget\" data-widget_type=\"image.default\">\n\t\t\t\t\t\t\t\t\t\t\t\t\t\t\t<img decoding=\"async\" width=\"1024\" height=\"614\" src=\"https:\/\/camalex2026.fr\/wp-content\/uploads\/2025\/11\/photo-plage-1024x614.jpeg\" class=\"attachment-large size-large wp-image-573\" alt=\"\" srcset=\"https:\/\/camalex2026.fr\/wp-content\/uploads\/2025\/11\/photo-plage-1024x614.jpeg 1024w, https:\/\/camalex2026.fr\/wp-content\/uploads\/2025\/11\/photo-plage-300x180.jpeg 300w, https:\/\/camalex2026.fr\/wp-content\/uploads\/2025\/11\/photo-plage-768x460.jpeg 768w, https:\/\/camalex2026.fr\/wp-content\/uploads\/2025\/11\/photo-plage-1536x921.jpeg 1536w, https:\/\/camalex2026.fr\/wp-content\/uploads\/2025\/11\/photo-plage.jpeg 1600w\" sizes=\"(max-width: 1024px) 100vw, 1024px\" \/>\t\t\t\t\t\t\t\t\t\t\t\t\t\t\t<\/div>\n\t\t\t\t\t<\/div>\n\t\t\t\t<\/div>\n\t\t<div class=\"elementor-element elementor-element-bcb40ab e-flex e-con-boxed e-con e-parent\" data-id=\"bcb40ab\" data-element_type=\"container\">\n\t\t\t\t\t<div class=\"e-con-inner\">\n\t\t<div class=\"elementor-element elementor-element-37c41fd e-con-full e-flex e-con e-child\" data-id=\"37c41fd\" data-element_type=\"container\">\n\t\t\t\t<div class=\"elementor-element elementor-element-9aef194 elementor-widget elementor-widget-image\" data-id=\"9aef194\" data-element_type=\"widget\" data-widget_type=\"image.default\">\n\t\t\t\t\t\t\t\t\t\t\t\t\t\t\t<img decoding=\"async\" width=\"300\" height=\"300\" src=\"https:\/\/camalex2026.fr\/wp-content\/uploads\/2025\/10\/cropped-logo-300x300.jpeg\" class=\"attachment-medium size-medium wp-image-210\" alt=\"\" srcset=\"https:\/\/camalex2026.fr\/wp-content\/uploads\/2025\/10\/cropped-logo-300x300.jpeg 300w, https:\/\/camalex2026.fr\/wp-content\/uploads\/2025\/10\/cropped-logo-150x150.jpeg 150w, https:\/\/camalex2026.fr\/wp-content\/uploads\/2025\/10\/cropped-logo-270x270.jpeg 270w, https:\/\/camalex2026.fr\/wp-content\/uploads\/2025\/10\/cropped-logo-192x192.jpeg 192w, https:\/\/camalex2026.fr\/wp-content\/uploads\/2025\/10\/cropped-logo-180x180.jpeg 180w, https:\/\/camalex2026.fr\/wp-content\/uploads\/2025\/10\/cropped-logo-32x32.jpeg 32w, https:\/\/camalex2026.fr\/wp-content\/uploads\/2025\/10\/cropped-logo.jpeg 512w\" sizes=\"(max-width: 300px) 100vw, 300px\" \/>\t\t\t\t\t\t\t\t\t\t\t\t\t\t\t<\/div>\n\t\t\t\t<div class=\"elementor-element elementor-element-10cc240 elementor-widget elementor-widget-heading\" data-id=\"10cc240\" data-element_type=\"widget\" data-widget_type=\"heading.default\">\n\t\t\t\t\t<h2 class=\"elementor-heading-title elementor-size-default\"><p>04.07.2026<\/p><\/h2>\t\t\t\t<\/div>\n\t\t\t\t<\/div>\n\t\t<div class=\"elementor-element elementor-element-54c3c7b e-con-full e-flex e-con e-child\" data-id=\"54c3c7b\" data-element_type=\"container\">\n\t\t\t\t<div class=\"elementor-element elementor-element-aaabe80 elementor-widget elementor-widget-image\" data-id=\"aaabe80\" data-element_type=\"widget\" data-widget_type=\"image.default\">\n\t\t\t\t\t\t\t\t\t\t\t\t\t\t\t<img loading=\"lazy\" decoding=\"async\" width=\"500\" height=\"671\" src=\"https:\/\/camalex2026.fr\/wp-content\/uploads\/2025\/11\/fleurs.png\" class=\"attachment-large size-large wp-image-363\" alt=\"\" srcset=\"https:\/\/camalex2026.fr\/wp-content\/uploads\/2025\/11\/fleurs.png 500w, https:\/\/camalex2026.fr\/wp-content\/uploads\/2025\/11\/fleurs-224x300.png 224w\" sizes=\"(max-width: 500px) 100vw, 500px\" \/>\t\t\t\t\t\t\t\t\t\t\t\t\t\t\t<\/div>\n\t\t\t\t<\/div>\n\t\t\t\t\t<\/div>\n\t\t\t\t<\/div>\n\t\t\t\t<\/div>\n\t\t","protected":false},"excerpt":{"rendered":"<p>Camille &amp; Alexandre Se marient ! 00Days 00Hours 00Minutes 00Seconds Bienvenue au mariage de Camille et Alexandre Le 4 juillet 2026 Manoir de la No\u00e9 Verte, Lanloup Bretagne Ch\u00e8re famille, Chers amis, Nous avons l\u2019immense bonheur de vous convier \u00e0 notre mariage. Ce site a \u00e9t\u00e9 cr\u00e9\u00e9 pour vous accompagner jusqu\u2019\u00e0 ce grand jour. Vous [&hellip;]<\/p>\n","protected":false},"author":1,"featured_media":0,"parent":0,"menu_order":0,"comment_status":"closed","ping_status":"closed","template":"","meta":{"ocean_post_layout":"","ocean_both_sidebars_style":"","ocean_both_sidebars_content_width":0,"ocean_both_sidebars_sidebars_width":0,"ocean_sidebar":"","ocean_second_sidebar":"","ocean_disable_margins":"enable","ocean_add_body_class":"","ocean_shortcode_before_top_bar":"","ocean_shortcode_after_top_bar":"","ocean_shortcode_before_header":"","ocean_shortcode_after_header":"","ocean_has_shortcode":"","ocean_shortcode_after_title":"","ocean_shortcode_before_footer_widgets":"","ocean_shortcode_after_footer_widgets":"","ocean_shortcode_before_footer_bottom":"","ocean_shortcode_after_footer_bottom":"","ocean_display_top_bar":"default","ocean_display_header":"default","ocean_header_style":"","ocean_center_header_left_menu":"","ocean_custom_header_template":"","ocean_custom_logo":0,"ocean_custom_retina_logo":0,"ocean_custom_logo_max_width":0,"ocean_custom_logo_tablet_max_width":0,"ocean_custom_logo_mobile_max_width":0,"ocean_custom_logo_max_height":0,"ocean_custom_logo_tablet_max_height":0,"ocean_custom_logo_mobile_max_height":0,"ocean_header_custom_menu":"","ocean_menu_typo_font_family":"","ocean_menu_typo_font_subset":"","ocean_menu_typo_font_size":0,"ocean_menu_typo_font_size_tablet":0,"ocean_menu_typo_font_size_mobile":0,"ocean_menu_typo_font_size_unit":"px","ocean_menu_typo_font_weight":"","ocean_menu_typo_font_weight_tablet":"","ocean_menu_typo_font_weight_mobile":"","ocean_menu_typo_transform":"","ocean_menu_typo_transform_tablet":"","ocean_menu_typo_transform_mobile":"","ocean_menu_typo_line_height":0,"ocean_menu_typo_line_height_tablet":0,"ocean_menu_typo_line_height_mobile":0,"ocean_menu_typo_line_height_unit":"","ocean_menu_typo_spacing":0,"ocean_menu_typo_spacing_tablet":0,"ocean_menu_typo_spacing_mobile":0,"ocean_menu_typo_spacing_unit":"","ocean_menu_link_color":"","ocean_menu_link_color_hover":"","ocean_menu_link_color_active":"","ocean_menu_link_background":"","ocean_menu_link_hover_background":"","ocean_menu_link_active_background":"","ocean_menu_social_links_bg":"","ocean_menu_social_hover_links_bg":"","ocean_menu_social_links_color":"","ocean_menu_social_hover_links_color":"","ocean_disable_title":"on","ocean_disable_heading":"default","ocean_post_title":"","ocean_post_subheading":"","ocean_post_title_style":"","ocean_post_title_background_color":"","ocean_post_title_background":0,"ocean_post_title_bg_image_position":"","ocean_post_title_bg_image_attachment":"","ocean_post_title_bg_image_repeat":"","ocean_post_title_bg_image_size":"","ocean_post_title_height":0,"ocean_post_title_bg_overlay":0.5,"ocean_post_title_bg_overlay_color":"","ocean_disable_breadcrumbs":"default","ocean_breadcrumbs_color":"","ocean_breadcrumbs_separator_color":"","ocean_breadcrumbs_links_color":"","ocean_breadcrumbs_links_hover_color":"","ocean_display_footer_widgets":"default","ocean_display_footer_bottom":"default","ocean_custom_footer_template":"","footnotes":""},"class_list":["post-10","page","type-page","status-publish","hentry","entry"],"_links":{"self":[{"href":"https:\/\/camalex2026.fr\/index.php\/wp-json\/wp\/v2\/pages\/10","targetHints":{"allow":["GET"]}}],"collection":[{"href":"https:\/\/camalex2026.fr\/index.php\/wp-json\/wp\/v2\/pages"}],"about":[{"href":"https:\/\/camalex2026.fr\/index.php\/wp-json\/wp\/v2\/types\/page"}],"author":[{"embeddable":true,"href":"https:\/\/camalex2026.fr\/index.php\/wp-json\/wp\/v2\/users\/1"}],"replies":[{"embeddable":true,"href":"https:\/\/camalex2026.fr\/index.php\/wp-json\/wp\/v2\/comments?post=10"}],"version-history":[{"count":140,"href":"https:\/\/camalex2026.fr\/index.php\/wp-json\/wp\/v2\/pages\/10\/revisions"}],"predecessor-version":[{"id":999,"href":"https:\/\/camalex2026.fr\/index.php\/wp-json\/wp\/v2\/pages\/10\/revisions\/999"}],"wp:attachment":[{"href":"https:\/\/camalex2026.fr\/index.php\/wp-json\/wp\/v2\/media?parent=10"}],"curies":[{"name":"wp","href":"https:\/\/api.w.org\/{rel}","templated":true}]}}