{"id":12,"date":"2025-09-30T23:58:14","date_gmt":"2025-09-30T21:58:14","guid":{"rendered":"http:\/\/localhost:8888\/CamLex\/?page_id=12"},"modified":"2025-12-31T14:45:53","modified_gmt":"2025-12-31T13:45:53","slug":"infos-pratiques","status":"publish","type":"page","link":"https:\/\/camalex2026.fr\/index.php\/infos-pratiques\/","title":{"rendered":"Infos importantes"},"content":{"rendered":"\t\t<div data-elementor-type=\"wp-page\" data-elementor-id=\"12\" class=\"elementor elementor-12\">\n\t\t\t\t<div class=\"elementor-element elementor-element-2d27792 e-flex e-con-boxed e-con e-parent\" data-id=\"2d27792\" data-element_type=\"container\">\n\t\t\t\t\t<div class=\"e-con-inner\">\n\t\t\t\t<div class=\"elementor-element elementor-element-54428da elementor-widget elementor-widget-heading\" data-id=\"54428da\" data-element_type=\"widget\" data-widget_type=\"heading.default\">\n\t\t\t\t\t<h2 class=\"elementor-heading-title elementor-size-default\">Les informations importantes<\/h2>\t\t\t\t<\/div>\n\t\t\t\t<div class=\"elementor-element elementor-element-ae0dfc9 elementor-widget elementor-widget-spacer\" data-id=\"ae0dfc9\" data-element_type=\"widget\" data-widget_type=\"spacer.default\">\n\t\t\t\t\t\t\t<div class=\"elementor-spacer\">\n\t\t\t<div class=\"elementor-spacer-inner\"><\/div>\n\t\t<\/div>\n\t\t\t\t\t\t<\/div>\n\t\t\t\t\t<\/div>\n\t\t\t\t<\/div>\n\t\t<div class=\"elementor-element elementor-element-e3ac8c4 e-flex e-con-boxed e-con e-parent\" data-id=\"e3ac8c4\" data-element_type=\"container\">\n\t\t\t\t\t<div class=\"e-con-inner\">\n\t\t<div class=\"elementor-element elementor-element-4a6ae00 e-con-full e-flex e-con e-child\" data-id=\"4a6ae00\" data-element_type=\"container\">\n\t\t\t\t<div class=\"elementor-element elementor-element-9382da9 elementor-widget elementor-widget-text-editor\" data-id=\"9382da9\" data-element_type=\"widget\" data-widget_type=\"text-editor.default\">\n\t\t\t\t\t\t\t\t\t<p>Vous trouverez ci-dessous l&rsquo;ensemble des informations n\u00e9cessaires pour organiser au mieux votre venue.<\/p><ul><li>Nous vous remercions de confirmer votre pr\u00e9sence dans l&rsquo;onglet \u00ab\u00a0<strong><span style=\"text-decoration: underline;\"><a href=\"https:\/\/camalex2026.fr\/index.php\/rsvp\/\">RSVP<\/a><\/span><\/strong>\u00a0\u00bb <strong>avant le 31 mars 2026.<\/strong><\/li><li>Retrouvez dans la section \u00ab\u00a0LE PROGRAMME\u00a0\u00bb l&rsquo;organisation de la journ\u00e9e.<\/li><li>Pensez \u00e0 planifier votre trajet. Il y a un peu plus d\u2019une heure de route entre la c\u00e9r\u00e9monie et le lieu de r\u00e9ception.<\/li><li>Nous vous conseillons de vous organiser pour faire du covoiturage.<\/li><li>Des suggestions d\u2019h\u00e9bergements \u00e0 proximit\u00e9 du lieu de r\u00e9ception sont disponibles dans l\u2019onglet \u00ab\u00a0LES HEBERGEMENTS\u00a0\u00bb.<\/li><li>Si vous avez des questions sur l&rsquo;\u00e9v\u00e8nement, n&rsquo;h\u00e9sitez pas \u00e0 consulter notre rubrique FAQ.<\/li><\/ul><ul><li>Nous vous demandons de ne pas utiliser votre t\u00e9l\u00e9phone portable dans la mairie et l\u2019\u00e9glise. Une photographe sera pr\u00e9sente pour immortaliser ces moments. Toutes les photos vous seront partag\u00e9es.<\/li><li>Aucun dress code particulier. Nous vous demandons toutefois d\u2019\u00e9viter le blanc, et de penser \u00e0 couvrir vos \u00e9paules pour la c\u00e9r\u00e9monie religieuse.<\/li><\/ul>\t\t\t\t\t\t\t\t<\/div>\n\t\t\t\t<\/div>\n\t\t<div class=\"elementor-element elementor-element-b31fa43 e-con-full e-flex e-con e-child\" data-id=\"b31fa43\" data-element_type=\"container\">\n\t\t\t\t<div class=\"elementor-element elementor-element-6ae6da6 elementor-widget elementor-widget-image\" data-id=\"6ae6da6\" data-element_type=\"widget\" data-widget_type=\"image.default\">\n\t\t\t\t\t\t\t\t\t\t\t\t\t\t\t<img fetchpriority=\"high\" decoding=\"async\" width=\"1024\" height=\"794\" src=\"https:\/\/camalex2026.fr\/wp-content\/uploads\/2025\/11\/WhatsApp-Image-2025-10-26-at-17.23.22-1024x794.jpeg\" class=\"attachment-large size-large wp-image-376\" alt=\"\" srcset=\"https:\/\/camalex2026.fr\/wp-content\/uploads\/2025\/11\/WhatsApp-Image-2025-10-26-at-17.23.22-1024x794.jpeg 1024w, https:\/\/camalex2026.fr\/wp-content\/uploads\/2025\/11\/WhatsApp-Image-2025-10-26-at-17.23.22-300x233.jpeg 300w, https:\/\/camalex2026.fr\/wp-content\/uploads\/2025\/11\/WhatsApp-Image-2025-10-26-at-17.23.22-768x595.jpeg 768w, https:\/\/camalex2026.fr\/wp-content\/uploads\/2025\/11\/WhatsApp-Image-2025-10-26-at-17.23.22.jpeg 1080w\" sizes=\"(max-width: 1024px) 100vw, 1024px\" \/>\t\t\t\t\t\t\t\t\t\t\t\t\t\t\t<\/div>\n\t\t\t\t<\/div>\n\t\t\t\t\t<\/div>\n\t\t\t\t<\/div>\n\t\t<div class=\"elementor-element elementor-element-5d62a52 e-flex e-con-boxed e-con e-parent\" data-id=\"5d62a52\" data-element_type=\"container\">\n\t\t\t\t\t<div class=\"e-con-inner\">\n\t\t\t\t<div class=\"elementor-element elementor-element-f895f0d elementor-widget elementor-widget-image\" data-id=\"f895f0d\" data-element_type=\"widget\" data-widget_type=\"image.default\">\n\t\t\t\t\t\t\t\t\t\t\t\t\t\t\t<img decoding=\"async\" width=\"846\" height=\"1024\" src=\"https:\/\/camalex2026.fr\/wp-content\/uploads\/2025\/11\/WhatsApp-Image-2025-10-26-at-17.21.27-4-846x1024.jpeg\" class=\"attachment-large size-large wp-image-484\" alt=\"\" srcset=\"https:\/\/camalex2026.fr\/wp-content\/uploads\/2025\/11\/WhatsApp-Image-2025-10-26-at-17.21.27-4-846x1024.jpeg 846w, https:\/\/camalex2026.fr\/wp-content\/uploads\/2025\/11\/WhatsApp-Image-2025-10-26-at-17.21.27-4-248x300.jpeg 248w, https:\/\/camalex2026.fr\/wp-content\/uploads\/2025\/11\/WhatsApp-Image-2025-10-26-at-17.21.27-4-768x930.jpeg 768w, https:\/\/camalex2026.fr\/wp-content\/uploads\/2025\/11\/WhatsApp-Image-2025-10-26-at-17.21.27-4-1269x1536.jpeg 1269w, https:\/\/camalex2026.fr\/wp-content\/uploads\/2025\/11\/WhatsApp-Image-2025-10-26-at-17.21.27-4.jpeg 1322w\" sizes=\"(max-width: 846px) 100vw, 846px\" \/>\t\t\t\t\t\t\t\t\t\t\t\t\t\t\t<\/div>\n\t\t\t\t\t<\/div>\n\t\t\t\t<\/div>\n\t\t<div class=\"elementor-element elementor-element-a6655b9 e-flex e-con-boxed e-con e-parent\" data-id=\"a6655b9\" data-element_type=\"container\">\n\t\t\t\t\t<div class=\"e-con-inner\">\n\t\t<div class=\"elementor-element elementor-element-346e489 e-con-full e-flex e-con e-child\" data-id=\"346e489\" data-element_type=\"container\">\n\t\t<div class=\"elementor-element elementor-element-9710684 e-con-full e-flex e-con e-child\" data-id=\"9710684\" data-element_type=\"container\">\n\t\t\t\t<div class=\"elementor-element elementor-element-6e9ad59 elementor-widget elementor-widget-image\" data-id=\"6e9ad59\" data-element_type=\"widget\" data-widget_type=\"image.default\">\n\t\t\t\t\t\t\t\t\t\t\t\t\t\t\t<img decoding=\"async\" width=\"300\" height=\"300\" src=\"https:\/\/camalex2026.fr\/wp-content\/uploads\/2025\/10\/cropped-logo-300x300.jpeg\" class=\"attachment-medium size-medium wp-image-210\" alt=\"\" srcset=\"https:\/\/camalex2026.fr\/wp-content\/uploads\/2025\/10\/cropped-logo-300x300.jpeg 300w, https:\/\/camalex2026.fr\/wp-content\/uploads\/2025\/10\/cropped-logo-150x150.jpeg 150w, https:\/\/camalex2026.fr\/wp-content\/uploads\/2025\/10\/cropped-logo-270x270.jpeg 270w, https:\/\/camalex2026.fr\/wp-content\/uploads\/2025\/10\/cropped-logo-192x192.jpeg 192w, https:\/\/camalex2026.fr\/wp-content\/uploads\/2025\/10\/cropped-logo-180x180.jpeg 180w, https:\/\/camalex2026.fr\/wp-content\/uploads\/2025\/10\/cropped-logo-32x32.jpeg 32w, https:\/\/camalex2026.fr\/wp-content\/uploads\/2025\/10\/cropped-logo.jpeg 512w\" sizes=\"(max-width: 300px) 100vw, 300px\" \/>\t\t\t\t\t\t\t\t\t\t\t\t\t\t\t<\/div>\n\t\t\t\t<div class=\"elementor-element elementor-element-90ece8d elementor-widget elementor-widget-heading\" data-id=\"90ece8d\" data-element_type=\"widget\" data-widget_type=\"heading.default\">\n\t\t\t\t\t<h2 class=\"elementor-heading-title elementor-size-default\"><p>04.07.2026<\/p><\/h2>\t\t\t\t<\/div>\n\t\t\t\t<\/div>\n\t\t<div class=\"elementor-element elementor-element-1c5747c e-con-full e-flex e-con e-child\" data-id=\"1c5747c\" data-element_type=\"container\">\n\t\t\t\t<div class=\"elementor-element elementor-element-fd97bee elementor-widget elementor-widget-image\" data-id=\"fd97bee\" data-element_type=\"widget\" data-widget_type=\"image.default\">\n\t\t\t\t\t\t\t\t\t\t\t\t\t\t\t<img loading=\"lazy\" decoding=\"async\" width=\"500\" height=\"671\" src=\"https:\/\/camalex2026.fr\/wp-content\/uploads\/2025\/11\/fleurs.png\" class=\"attachment-large size-large wp-image-363\" alt=\"\" srcset=\"https:\/\/camalex2026.fr\/wp-content\/uploads\/2025\/11\/fleurs.png 500w, https:\/\/camalex2026.fr\/wp-content\/uploads\/2025\/11\/fleurs-224x300.png 224w\" sizes=\"(max-width: 500px) 100vw, 500px\" \/>\t\t\t\t\t\t\t\t\t\t\t\t\t\t\t<\/div>\n\t\t\t\t<\/div>\n\t\t\t\t<\/div>\n\t\t\t\t\t<\/div>\n\t\t\t\t<\/div>\n\t\t\t\t<\/div>\n\t\t","protected":false},"excerpt":{"rendered":"<p>Les informations importantes Vous trouverez ci-dessous l&rsquo;ensemble des informations n\u00e9cessaires pour organiser au mieux votre venue. Nous vous remercions de confirmer votre pr\u00e9sence dans l&rsquo;onglet \u00ab\u00a0RSVP\u00a0\u00bb avant le 31 mars 2026. Retrouvez dans la section \u00ab\u00a0LE PROGRAMME\u00a0\u00bb l&rsquo;organisation de la journ\u00e9e. Pensez \u00e0 planifier votre trajet. Il y a un peu plus d\u2019une heure de [&hellip;]<\/p>\n","protected":false},"author":1,"featured_media":0,"parent":0,"menu_order":0,"comment_status":"closed","ping_status":"closed","template":"","meta":{"ocean_post_layout":"","ocean_both_sidebars_style":"","ocean_both_sidebars_content_width":0,"ocean_both_sidebars_sidebars_width":0,"ocean_sidebar":"","ocean_second_sidebar":"","ocean_disable_margins":"enable","ocean_add_body_class":"","ocean_shortcode_before_top_bar":"","ocean_shortcode_after_top_bar":"","ocean_shortcode_before_header":"","ocean_shortcode_after_header":"","ocean_has_shortcode":"","ocean_shortcode_after_title":"","ocean_shortcode_before_footer_widgets":"","ocean_shortcode_after_footer_widgets":"","ocean_shortcode_before_footer_bottom":"","ocean_shortcode_after_footer_bottom":"","ocean_display_top_bar":"default","ocean_display_header":"default","ocean_header_style":"","ocean_center_header_left_menu":"","ocean_custom_header_template":"","ocean_custom_logo":0,"ocean_custom_retina_logo":0,"ocean_custom_logo_max_width":0,"ocean_custom_logo_tablet_max_width":0,"ocean_custom_logo_mobile_max_width":0,"ocean_custom_logo_max_height":0,"ocean_custom_logo_tablet_max_height":0,"ocean_custom_logo_mobile_max_height":0,"ocean_header_custom_menu":"","ocean_menu_typo_font_family":"","ocean_menu_typo_font_subset":"","ocean_menu_typo_font_size":0,"ocean_menu_typo_font_size_tablet":0,"ocean_menu_typo_font_size_mobile":0,"ocean_menu_typo_font_size_unit":"px","ocean_menu_typo_font_weight":"","ocean_menu_typo_font_weight_tablet":"","ocean_menu_typo_font_weight_mobile":"","ocean_menu_typo_transform":"","ocean_menu_typo_transform_tablet":"","ocean_menu_typo_transform_mobile":"","ocean_menu_typo_line_height":0,"ocean_menu_typo_line_height_tablet":0,"ocean_menu_typo_line_height_mobile":0,"ocean_menu_typo_line_height_unit":"","ocean_menu_typo_spacing":0,"ocean_menu_typo_spacing_tablet":0,"ocean_menu_typo_spacing_mobile":0,"ocean_menu_typo_spacing_unit":"","ocean_menu_link_color":"","ocean_menu_link_color_hover":"","ocean_menu_link_color_active":"","ocean_menu_link_background":"","ocean_menu_link_hover_background":"","ocean_menu_link_active_background":"","ocean_menu_social_links_bg":"","ocean_menu_social_hover_links_bg":"","ocean_menu_social_links_color":"","ocean_menu_social_hover_links_color":"","ocean_disable_title":"on","ocean_disable_heading":"default","ocean_post_title":"","ocean_post_subheading":"","ocean_post_title_style":"","ocean_post_title_background_color":"","ocean_post_title_background":0,"ocean_post_title_bg_image_position":"","ocean_post_title_bg_image_attachment":"","ocean_post_title_bg_image_repeat":"","ocean_post_title_bg_image_size":"","ocean_post_title_height":0,"ocean_post_title_bg_overlay":0.5,"ocean_post_title_bg_overlay_color":"","ocean_disable_breadcrumbs":"default","ocean_breadcrumbs_color":"","ocean_breadcrumbs_separator_color":"","ocean_breadcrumbs_links_color":"","ocean_breadcrumbs_links_hover_color":"","ocean_display_footer_widgets":"default","ocean_display_footer_bottom":"default","ocean_custom_footer_template":"","footnotes":""},"class_list":["post-12","page","type-page","status-publish","hentry","entry"],"_links":{"self":[{"href":"https:\/\/camalex2026.fr\/index.php\/wp-json\/wp\/v2\/pages\/12","targetHints":{"allow":["GET"]}}],"collection":[{"href":"https:\/\/camalex2026.fr\/index.php\/wp-json\/wp\/v2\/pages"}],"about":[{"href":"https:\/\/camalex2026.fr\/index.php\/wp-json\/wp\/v2\/types\/page"}],"author":[{"embeddable":true,"href":"https:\/\/camalex2026.fr\/index.php\/wp-json\/wp\/v2\/users\/1"}],"replies":[{"embeddable":true,"href":"https:\/\/camalex2026.fr\/index.php\/wp-json\/wp\/v2\/comments?post=12"}],"version-history":[{"count":75,"href":"https:\/\/camalex2026.fr\/index.php\/wp-json\/wp\/v2\/pages\/12\/revisions"}],"predecessor-version":[{"id":988,"href":"https:\/\/camalex2026.fr\/index.php\/wp-json\/wp\/v2\/pages\/12\/revisions\/988"}],"wp:attachment":[{"href":"https:\/\/camalex2026.fr\/index.php\/wp-json\/wp\/v2\/media?parent=12"}],"curies":[{"name":"wp","href":"https:\/\/api.w.org\/{rel}","templated":true}]}}