{"id":192,"date":"2025-10-27T23:09:24","date_gmt":"2025-10-27T22:09:24","guid":{"rendered":"http:\/\/localhost:8888\/CamLex\/?page_id=192"},"modified":"2025-12-31T15:07:09","modified_gmt":"2025-12-31T14:07:09","slug":"le-programme","status":"publish","type":"page","link":"https:\/\/camalex2026.fr\/index.php\/le-programme\/","title":{"rendered":"Le programme"},"content":{"rendered":"\t\t<div data-elementor-type=\"wp-page\" data-elementor-id=\"192\" class=\"elementor elementor-192\">\n\t\t\t\t<div class=\"elementor-element elementor-element-cd69793 e-con-full e-flex e-con e-parent\" data-id=\"cd69793\" data-element_type=\"container\">\n\t\t\t\t<div class=\"elementor-element elementor-element-fbe2da2 elementor-widget elementor-widget-spacer\" data-id=\"fbe2da2\" data-element_type=\"widget\" data-widget_type=\"spacer.default\">\n\t\t\t\t\t\t\t<div class=\"elementor-spacer\">\n\t\t\t<div class=\"elementor-spacer-inner\"><\/div>\n\t\t<\/div>\n\t\t\t\t\t\t<\/div>\n\t\t\t\t<div class=\"elementor-element elementor-element-008c60b elementor-widget elementor-widget-heading\" data-id=\"008c60b\" data-element_type=\"widget\" data-widget_type=\"heading.default\">\n\t\t\t\t\t<h2 class=\"elementor-heading-title elementor-size-default\">Au programme<\/h2>\t\t\t\t<\/div>\n\t\t\t\t<div class=\"elementor-element elementor-element-35fd3d2 elementor-widget elementor-widget-spacer\" data-id=\"35fd3d2\" data-element_type=\"widget\" data-widget_type=\"spacer.default\">\n\t\t\t\t\t\t\t<div class=\"elementor-spacer\">\n\t\t\t<div class=\"elementor-spacer-inner\"><\/div>\n\t\t<\/div>\n\t\t\t\t\t\t<\/div>\n\t\t\t\t<div class=\"elementor-element elementor-element-a2ece3b elementor-widget elementor-widget-image\" data-id=\"a2ece3b\" data-element_type=\"widget\" data-widget_type=\"image.default\">\n\t\t\t\t\t\t\t\t\t\t\t\t\t\t\t<img fetchpriority=\"high\" decoding=\"async\" width=\"533\" height=\"287\" src=\"https:\/\/camalex2026.fr\/wp-content\/uploads\/2025\/10\/carte.png\" class=\"attachment-large size-large wp-image-131\" alt=\"\" srcset=\"https:\/\/camalex2026.fr\/wp-content\/uploads\/2025\/10\/carte.png 533w, https:\/\/camalex2026.fr\/wp-content\/uploads\/2025\/10\/carte-300x162.png 300w\" sizes=\"(max-width: 533px) 100vw, 533px\" \/>\t\t\t\t\t\t\t\t\t\t\t\t\t\t\t<\/div>\n\t\t\t\t<div class=\"elementor-element elementor-element-b737e6d elementor-widget elementor-widget-spacer\" data-id=\"b737e6d\" data-element_type=\"widget\" data-widget_type=\"spacer.default\">\n\t\t\t\t\t\t\t<div class=\"elementor-spacer\">\n\t\t\t<div class=\"elementor-spacer-inner\"><\/div>\n\t\t<\/div>\n\t\t\t\t\t\t<\/div>\n\t\t\t\t<div class=\"elementor-element elementor-element-7fc16eb elementor-widget elementor-widget-text-editor\" data-id=\"7fc16eb\" data-element_type=\"widget\" data-widget_type=\"text-editor.default\">\n\t\t\t\t\t\t\t\t\t<p>Camille et Alexandre se marient le 4 juillet 2026.<\/p><p>\u00a0<\/p><p>Nous sommes ravis de vous convier pour notre grand jour et avons h\u00e2te de vous retrouver !<\/p>\t\t\t\t\t\t\t\t<\/div>\n\t\t\t\t<\/div>\n\t\t<div class=\"elementor-element elementor-element-447e654 e-flex e-con-boxed e-con e-parent\" data-id=\"447e654\" data-element_type=\"container\">\n\t\t\t\t\t<div class=\"e-con-inner\">\n\t\t\t\t<div class=\"elementor-element elementor-element-4f249eb elementor-widget elementor-widget-image\" data-id=\"4f249eb\" data-element_type=\"widget\" data-widget_type=\"image.default\">\n\t\t\t\t\t\t\t\t\t\t\t\t\t\t\t<img decoding=\"async\" width=\"655\" height=\"149\" src=\"https:\/\/camalex2026.fr\/wp-content\/uploads\/2025\/10\/frise.png\" class=\"attachment-large size-large wp-image-133\" alt=\"\" srcset=\"https:\/\/camalex2026.fr\/wp-content\/uploads\/2025\/10\/frise.png 655w, https:\/\/camalex2026.fr\/wp-content\/uploads\/2025\/10\/frise-300x68.png 300w\" sizes=\"(max-width: 655px) 100vw, 655px\" \/>\t\t\t\t\t\t\t\t\t\t\t\t\t\t\t<\/div>\n\t\t\t\t\t<\/div>\n\t\t\t\t<\/div>\n\t\t<div class=\"elementor-element elementor-element-5d78b31 e-flex e-con-boxed e-con e-parent\" data-id=\"5d78b31\" data-element_type=\"container\">\n\t\t\t\t\t<div class=\"e-con-inner\">\n\t\t<div class=\"elementor-element elementor-element-cf42bc5 e-con-full e-flex e-con e-child\" data-id=\"cf42bc5\" data-element_type=\"container\">\n\t\t<style id=\"eael-image-masking-02f8373\">.eael-image-masking-02f8373 img {mask-image: url(https:\/\/camalex2026.fr\/wp-content\/plugins\/essential-addons-for-elementor-lite\/assets\/front-end\/img\/image-masking\/svg-shapes\/brash-2.svg); -webkit-mask-image: url(https:\/\/camalex2026.fr\/wp-content\/plugins\/essential-addons-for-elementor-lite\/assets\/front-end\/img\/image-masking\/svg-shapes\/brash-2.svg);}<\/style>\t\t<div class=\"eael-image-masking-02f8373 elementor-element elementor-element-02f8373 elementor-widget elementor-widget-image\" data-id=\"02f8373\" data-element_type=\"widget\" data-widget_type=\"image.default\">\n\t\t\t\t\t\t\t\t\t\t\t\t\t\t\t<img decoding=\"async\" width=\"1024\" height=\"969\" src=\"https:\/\/camalex2026.fr\/wp-content\/uploads\/2025\/11\/WhatsApp-Image-2025-10-26-at-17.21.28-1024x969.jpeg\" class=\"attachment-large size-large wp-image-383\" alt=\"\" srcset=\"https:\/\/camalex2026.fr\/wp-content\/uploads\/2025\/11\/WhatsApp-Image-2025-10-26-at-17.21.28-1024x969.jpeg 1024w, https:\/\/camalex2026.fr\/wp-content\/uploads\/2025\/11\/WhatsApp-Image-2025-10-26-at-17.21.28-300x284.jpeg 300w, https:\/\/camalex2026.fr\/wp-content\/uploads\/2025\/11\/WhatsApp-Image-2025-10-26-at-17.21.28-768x727.jpeg 768w, https:\/\/camalex2026.fr\/wp-content\/uploads\/2025\/11\/WhatsApp-Image-2025-10-26-at-17.21.28-1536x1453.jpeg 1536w, https:\/\/camalex2026.fr\/wp-content\/uploads\/2025\/11\/WhatsApp-Image-2025-10-26-at-17.21.28.jpeg 1600w\" sizes=\"(max-width: 1024px) 100vw, 1024px\" \/>\t\t\t\t\t\t\t\t\t\t\t\t\t\t\t<\/div>\n\t\t\t\t<\/div>\n\t\t\t\t\t<\/div>\n\t\t\t\t<\/div>\n\t\t<div class=\"elementor-element elementor-element-3db85ca e-flex e-con-boxed e-con e-parent\" data-id=\"3db85ca\" data-element_type=\"container\">\n\t\t\t\t\t<div class=\"e-con-inner\">\n\t\t<div class=\"elementor-element elementor-element-d8bf358 e-con-full e-flex e-con e-child\" data-id=\"d8bf358\" data-element_type=\"container\">\n\t\t\t\t<div class=\"elementor-element elementor-element-ac4cced elementor-widget-divider--view-line elementor-widget elementor-widget-divider\" data-id=\"ac4cced\" data-element_type=\"widget\" data-widget_type=\"divider.default\">\n\t\t\t\t\t\t\t<div class=\"elementor-divider\">\n\t\t\t<span class=\"elementor-divider-separator\">\n\t\t\t\t\t\t<\/span>\n\t\t<\/div>\n\t\t\t\t\t\t<\/div>\n\t\t\t\t<div class=\"elementor-element elementor-element-c6203d1 elementor-widget elementor-widget-text-editor\" data-id=\"c6203d1\" data-element_type=\"widget\" data-widget_type=\"text-editor.default\">\n\t\t\t\t\t\t\t\t\t<p><strong>13 h 00\u00a0: C\u00e9r\u00e9monie civile \u2013 Mairie de Saint-Cast-le-Guildo\u00a0<\/strong><\/p><p>Rendez-vous \u00e0 13h00 devant la mairie de Saint-Cast-le-Guildo, pour la c\u00e9r\u00e9monie civile.<\/p><p>Mairie de Saint-Cast-le-Guildo\u00a0: Place de l\u2019H\u00f4tel de ville, 22380 Saint-Cast-le-Guildo<\/p>\t\t\t\t\t\t\t\t<\/div>\n\t\t\t\t<div class=\"elementor-element elementor-element-7bd2baa elementor-widget-divider--view-line elementor-widget elementor-widget-divider\" data-id=\"7bd2baa\" data-element_type=\"widget\" data-widget_type=\"divider.default\">\n\t\t\t\t\t\t\t<div class=\"elementor-divider\">\n\t\t\t<span class=\"elementor-divider-separator\">\n\t\t\t\t\t\t<\/span>\n\t\t<\/div>\n\t\t\t\t\t\t<\/div>\n\t\t\t\t<div class=\"elementor-element elementor-element-4396676 elementor-widget elementor-widget-text-editor\" data-id=\"4396676\" data-element_type=\"widget\" data-widget_type=\"text-editor.default\">\n\t\t\t\t\t\t\t\t\t<p><strong>14 h 30\u00a0: C\u00e9r\u00e9monie religieuse \u2013 \u00c9glise de Saint-Cast-le-Guildo<\/strong><\/p><p>A l\u2019issue de la c\u00e9r\u00e9monie civile, nous nous dirigerons vers l\u2019\u00e9glise se trouvant \u00e0 5 minutes \u00e0 pied.<\/p><p>\u00c9glise de Saint-Cast-le-Guildo\u00a0: Rue du Chanoine Ribault, 22380 Saint-Cast-le-Guildo<\/p>\t\t\t\t\t\t\t\t<\/div>\n\t\t\t\t<div class=\"elementor-element elementor-element-564c1ed elementor-widget-divider--view-line elementor-widget elementor-widget-divider\" data-id=\"564c1ed\" data-element_type=\"widget\" data-widget_type=\"divider.default\">\n\t\t\t\t\t\t\t<div class=\"elementor-divider\">\n\t\t\t<span class=\"elementor-divider-separator\">\n\t\t\t\t\t\t<\/span>\n\t\t<\/div>\n\t\t\t\t\t\t<\/div>\n\t\t\t\t<div class=\"elementor-element elementor-element-b3c0744 elementor-widget elementor-widget-text-editor\" data-id=\"b3c0744\" data-element_type=\"widget\" data-widget_type=\"text-editor.default\">\n\t\t\t\t\t\t\t\t\t<p><strong>A partir de 17h00 : Manoir de la No\u00e9 Verte, Lanloup (22)<\/strong><\/p>\n<p>Attention, le lieu de r\u00e9ception est situ\u00e9 \u00e0 1h15 en voiture de la mairie de Saint-Cast-le-Guildo. Nous vous conseillons de bien pr\u00e9voir ce trajet.<\/p>\n<p>A partir de 17 heures, nous vous attendons au manoir de la No\u00e9 Verte \u00e0 Lanloup, pour les traditionnelles photos de groupe, puis pour l\u2019ouverture du cocktail.<\/p>\n<p><strong>A 20h00<\/strong>, un d\u00eener sera servi,<\/p>\n<p>suivi de l\u2019ouverture du bal, puis d\u2019une soir\u00e9e dansante.<\/p><p><br><\/p>\n<p>Nous avons h\u00e2te de vous retrouver pour c\u00e9l\u00e9brer ce moment unique avec vous !<\/p>\t\t\t\t\t\t\t\t<\/div>\n\t\t\t\t<\/div>\n\t\t\t\t\t<\/div>\n\t\t\t\t<\/div>\n\t\t<div class=\"elementor-element elementor-element-3e4d7ca e-flex e-con-boxed e-con e-parent\" data-id=\"3e4d7ca\" data-element_type=\"container\">\n\t\t\t\t\t<div class=\"e-con-inner\">\n\t\t\t\t<div class=\"elementor-element elementor-element-87458da elementor-widget elementor-widget-html\" data-id=\"87458da\" data-element_type=\"widget\" data-widget_type=\"html.default\">\n\t\t\t\t\t<iframe src=\"https:\/\/www.google.com\/maps\/embed?pb=!1m26!1m12!1m3!1d166484.9273346971!2d-2.854949551117057!3d48.64587574103736!2m3!1f0!2f0!3f0!3m2!1i1024!2i768!4f13.1!4m11!3e0!4m5!1s0x480e777ce3b3d4a9%3A0xb785d82ec57c85a6!2s%C3%89glise%20Saint-Cast%2C%207929F%20Rue%20du%20Chanoine%20Ribault%2C%2022380%20Saint-Cast-le-Guildo!3m2!1d48.624004!2d-2.2614707!4m3!3m2!1d48.706615899999996!2d-2.9779929!5e0!3m2!1sfr!2sfr!4v1762168268282!5m2!1sfr!2sfr\" width=\"600\" height=\"450\" style=\"border:0;\" allowfullscreen=\"\" loading=\"lazy\" referrerpolicy=\"no-referrer-when-downgrade\"><\/iframe>\t\t\t\t<\/div>\n\t\t\t\t\t<\/div>\n\t\t\t\t<\/div>\n\t\t<div class=\"elementor-element elementor-element-25e9f32 e-flex e-con-boxed e-con e-parent\" data-id=\"25e9f32\" data-element_type=\"container\">\n\t\t\t\t\t<div class=\"e-con-inner\">\n\t\t<div class=\"elementor-element elementor-element-3f059c6 e-con-full e-flex e-con e-child\" data-id=\"3f059c6\" data-element_type=\"container\">\n\t\t<div class=\"elementor-element elementor-element-1fd96c3 e-con-full e-flex e-con e-child\" data-id=\"1fd96c3\" data-element_type=\"container\">\n\t\t\t\t<div class=\"elementor-element elementor-element-39a2783 elementor-widget elementor-widget-image\" data-id=\"39a2783\" data-element_type=\"widget\" data-widget_type=\"image.default\">\n\t\t\t\t\t\t\t\t\t\t\t\t\t\t\t<img loading=\"lazy\" decoding=\"async\" width=\"300\" height=\"300\" src=\"https:\/\/camalex2026.fr\/wp-content\/uploads\/2025\/10\/cropped-logo-300x300.jpeg\" class=\"attachment-medium size-medium wp-image-210\" alt=\"\" srcset=\"https:\/\/camalex2026.fr\/wp-content\/uploads\/2025\/10\/cropped-logo-300x300.jpeg 300w, https:\/\/camalex2026.fr\/wp-content\/uploads\/2025\/10\/cropped-logo-150x150.jpeg 150w, https:\/\/camalex2026.fr\/wp-content\/uploads\/2025\/10\/cropped-logo-270x270.jpeg 270w, https:\/\/camalex2026.fr\/wp-content\/uploads\/2025\/10\/cropped-logo-192x192.jpeg 192w, https:\/\/camalex2026.fr\/wp-content\/uploads\/2025\/10\/cropped-logo-180x180.jpeg 180w, https:\/\/camalex2026.fr\/wp-content\/uploads\/2025\/10\/cropped-logo-32x32.jpeg 32w, https:\/\/camalex2026.fr\/wp-content\/uploads\/2025\/10\/cropped-logo.jpeg 512w\" sizes=\"(max-width: 300px) 100vw, 300px\" \/>\t\t\t\t\t\t\t\t\t\t\t\t\t\t\t<\/div>\n\t\t\t\t<div class=\"elementor-element elementor-element-8a73795 elementor-widget elementor-widget-heading\" data-id=\"8a73795\" data-element_type=\"widget\" data-widget_type=\"heading.default\">\n\t\t\t\t\t<h2 class=\"elementor-heading-title elementor-size-default\"><p>04.07.2026<\/p><\/h2>\t\t\t\t<\/div>\n\t\t\t\t<\/div>\n\t\t<div class=\"elementor-element elementor-element-5d93f9d e-con-full e-flex e-con e-child\" data-id=\"5d93f9d\" data-element_type=\"container\">\n\t\t\t\t<div class=\"elementor-element elementor-element-07bd53a elementor-widget elementor-widget-image\" data-id=\"07bd53a\" data-element_type=\"widget\" data-widget_type=\"image.default\">\n\t\t\t\t\t\t\t\t\t\t\t\t\t\t\t<img loading=\"lazy\" decoding=\"async\" width=\"500\" height=\"671\" src=\"https:\/\/camalex2026.fr\/wp-content\/uploads\/2025\/11\/fleurs.png\" class=\"attachment-large size-large wp-image-363\" alt=\"\" srcset=\"https:\/\/camalex2026.fr\/wp-content\/uploads\/2025\/11\/fleurs.png 500w, https:\/\/camalex2026.fr\/wp-content\/uploads\/2025\/11\/fleurs-224x300.png 224w\" sizes=\"(max-width: 500px) 100vw, 500px\" \/>\t\t\t\t\t\t\t\t\t\t\t\t\t\t\t<\/div>\n\t\t\t\t<\/div>\n\t\t\t\t<\/div>\n\t\t\t\t\t<\/div>\n\t\t\t\t<\/div>\n\t\t\t\t<\/div>\n\t\t","protected":false},"excerpt":{"rendered":"<p>Au programme Camille et Alexandre se marient le 4 juillet 2026. \u00a0 Nous sommes ravis de vous convier pour notre grand jour et avons h\u00e2te de vous retrouver ! 13 h 00\u00a0: C\u00e9r\u00e9monie civile \u2013 Mairie de Saint-Cast-le-Guildo\u00a0 Rendez-vous \u00e0 13h00 devant la mairie de Saint-Cast-le-Guildo, pour la c\u00e9r\u00e9monie civile. Mairie de Saint-Cast-le-Guildo\u00a0: Place de [&hellip;]<\/p>\n","protected":false},"author":1,"featured_media":0,"parent":0,"menu_order":0,"comment_status":"closed","ping_status":"closed","template":"","meta":{"ocean_post_layout":"","ocean_both_sidebars_style":"","ocean_both_sidebars_content_width":0,"ocean_both_sidebars_sidebars_width":0,"ocean_sidebar":"","ocean_second_sidebar":"","ocean_disable_margins":"enable","ocean_add_body_class":"","ocean_shortcode_before_top_bar":"","ocean_shortcode_after_top_bar":"","ocean_shortcode_before_header":"","ocean_shortcode_after_header":"","ocean_has_shortcode":"","ocean_shortcode_after_title":"","ocean_shortcode_before_footer_widgets":"","ocean_shortcode_after_footer_widgets":"","ocean_shortcode_before_footer_bottom":"","ocean_shortcode_after_footer_bottom":"","ocean_display_top_bar":"default","ocean_display_header":"default","ocean_header_style":"","ocean_center_header_left_menu":"","ocean_custom_header_template":"","ocean_custom_logo":0,"ocean_custom_retina_logo":0,"ocean_custom_logo_max_width":0,"ocean_custom_logo_tablet_max_width":0,"ocean_custom_logo_mobile_max_width":0,"ocean_custom_logo_max_height":0,"ocean_custom_logo_tablet_max_height":0,"ocean_custom_logo_mobile_max_height":0,"ocean_header_custom_menu":"","ocean_menu_typo_font_family":"","ocean_menu_typo_font_subset":"","ocean_menu_typo_font_size":0,"ocean_menu_typo_font_size_tablet":0,"ocean_menu_typo_font_size_mobile":0,"ocean_menu_typo_font_size_unit":"px","ocean_menu_typo_font_weight":"","ocean_menu_typo_font_weight_tablet":"","ocean_menu_typo_font_weight_mobile":"","ocean_menu_typo_transform":"","ocean_menu_typo_transform_tablet":"","ocean_menu_typo_transform_mobile":"","ocean_menu_typo_line_height":0,"ocean_menu_typo_line_height_tablet":0,"ocean_menu_typo_line_height_mobile":0,"ocean_menu_typo_line_height_unit":"","ocean_menu_typo_spacing":0,"ocean_menu_typo_spacing_tablet":0,"ocean_menu_typo_spacing_mobile":0,"ocean_menu_typo_spacing_unit":"","ocean_menu_link_color":"","ocean_menu_link_color_hover":"","ocean_menu_link_color_active":"","ocean_menu_link_background":"","ocean_menu_link_hover_background":"","ocean_menu_link_active_background":"","ocean_menu_social_links_bg":"","ocean_menu_social_hover_links_bg":"","ocean_menu_social_links_color":"","ocean_menu_social_hover_links_color":"","ocean_disable_title":"on","ocean_disable_heading":"default","ocean_post_title":"","ocean_post_subheading":"","ocean_post_title_style":"","ocean_post_title_background_color":"","ocean_post_title_background":0,"ocean_post_title_bg_image_position":"","ocean_post_title_bg_image_attachment":"","ocean_post_title_bg_image_repeat":"","ocean_post_title_bg_image_size":"","ocean_post_title_height":0,"ocean_post_title_bg_overlay":0.5,"ocean_post_title_bg_overlay_color":"","ocean_disable_breadcrumbs":"default","ocean_breadcrumbs_color":"","ocean_breadcrumbs_separator_color":"","ocean_breadcrumbs_links_color":"","ocean_breadcrumbs_links_hover_color":"","ocean_display_footer_widgets":"default","ocean_display_footer_bottom":"default","ocean_custom_footer_template":"","footnotes":""},"class_list":["post-192","page","type-page","status-publish","hentry","entry"],"_links":{"self":[{"href":"https:\/\/camalex2026.fr\/index.php\/wp-json\/wp\/v2\/pages\/192","targetHints":{"allow":["GET"]}}],"collection":[{"href":"https:\/\/camalex2026.fr\/index.php\/wp-json\/wp\/v2\/pages"}],"about":[{"href":"https:\/\/camalex2026.fr\/index.php\/wp-json\/wp\/v2\/types\/page"}],"author":[{"embeddable":true,"href":"https:\/\/camalex2026.fr\/index.php\/wp-json\/wp\/v2\/users\/1"}],"replies":[{"embeddable":true,"href":"https:\/\/camalex2026.fr\/index.php\/wp-json\/wp\/v2\/comments?post=192"}],"version-history":[{"count":89,"href":"https:\/\/camalex2026.fr\/index.php\/wp-json\/wp\/v2\/pages\/192\/revisions"}],"predecessor-version":[{"id":1003,"href":"https:\/\/camalex2026.fr\/index.php\/wp-json\/wp\/v2\/pages\/192\/revisions\/1003"}],"wp:attachment":[{"href":"https:\/\/camalex2026.fr\/index.php\/wp-json\/wp\/v2\/media?parent=192"}],"curies":[{"name":"wp","href":"https:\/\/api.w.org\/{rel}","templated":true}]}}