{"id":528,"date":"2025-11-11T15:28:36","date_gmt":"2025-11-11T14:28:36","guid":{"rendered":"http:\/\/localhost:8888\/camalex2026.fr\/?page_id=528"},"modified":"2025-12-07T19:21:57","modified_gmt":"2025-12-07T18:21:57","slug":"liste-de-mariage","status":"publish","type":"page","link":"https:\/\/camalex2026.fr\/index.php\/liste-de-mariage\/","title":{"rendered":"Liste de mariage"},"content":{"rendered":"\t\t<div data-elementor-type=\"wp-page\" data-elementor-id=\"528\" class=\"elementor elementor-528\">\n\t\t\t\t<div class=\"elementor-element elementor-element-5ce8312 e-flex e-con-boxed e-con e-parent\" data-id=\"5ce8312\" data-element_type=\"container\">\n\t\t\t\t\t<div class=\"e-con-inner\">\n\t\t\t\t<div class=\"elementor-element elementor-element-b496204 elementor-widget elementor-widget-heading\" data-id=\"b496204\" data-element_type=\"widget\" data-widget_type=\"heading.default\">\n\t\t\t\t\t<h2 class=\"elementor-heading-title elementor-size-default\">Liste de mariage<\/h2>\t\t\t\t<\/div>\n\t\t\t\t<div class=\"elementor-element elementor-element-843e59d elementor-widget elementor-widget-text-editor\" data-id=\"843e59d\" data-element_type=\"widget\" data-widget_type=\"text-editor.default\">\n\t\t\t\t\t\t\t\t\t<p>Le plus important pour nous est de vous avoir \u00e0 nos c\u00f4t\u00e9s pour partager ce moment unique avec vous.<\/p><p>Mais si vous souhaitez nous aider \u00e0 concr\u00e9tiser de jolis projets pour notre nouvelle vie \u00e0 deux, nous avons cr\u00e9\u00e9 une<a href=\"https:\/\/www.millemercismariage.com\/camalex2026\/liste.html\" target=\"_blank\" rel=\"noopener\"><span style=\"text-decoration: underline;\">\u00a0liste de mariage<\/span><\/a>.<\/p><p>Un grand merci pour vos attentions et votre g\u00e9n\u00e9rosit\u00e9, elles nous touchent \u00e9norm\u00e9ment.<\/p>\t\t\t\t\t\t\t\t<\/div>\n\t\t\t\t\t<\/div>\n\t\t\t\t<\/div>\n\t\t<div class=\"elementor-element elementor-element-2ff0f21 e-flex e-con-boxed e-con e-parent\" data-id=\"2ff0f21\" data-element_type=\"container\">\n\t\t\t\t\t<div class=\"e-con-inner\">\n\t\t\t\t<div class=\"elementor-element elementor-element-e26a65c elementor-widget elementor-widget-image\" data-id=\"e26a65c\" data-element_type=\"widget\" data-widget_type=\"image.default\">\n\t\t\t\t\t\t\t\t\t\t\t\t\t\t\t<img fetchpriority=\"high\" decoding=\"async\" width=\"599\" height=\"1024\" src=\"https:\/\/camalex2026.fr\/wp-content\/uploads\/2025\/12\/WhatsApp-Image-2025-12-07-at-18.48.25-599x1024.jpeg\" class=\"attachment-large size-large wp-image-855\" alt=\"\" srcset=\"https:\/\/camalex2026.fr\/wp-content\/uploads\/2025\/12\/WhatsApp-Image-2025-12-07-at-18.48.25-599x1024.jpeg 599w, https:\/\/camalex2026.fr\/wp-content\/uploads\/2025\/12\/WhatsApp-Image-2025-12-07-at-18.48.25-176x300.jpeg 176w, https:\/\/camalex2026.fr\/wp-content\/uploads\/2025\/12\/WhatsApp-Image-2025-12-07-at-18.48.25-768x1313.jpeg 768w, https:\/\/camalex2026.fr\/wp-content\/uploads\/2025\/12\/WhatsApp-Image-2025-12-07-at-18.48.25-899x1536.jpeg 899w, https:\/\/camalex2026.fr\/wp-content\/uploads\/2025\/12\/WhatsApp-Image-2025-12-07-at-18.48.25.jpeg 936w\" sizes=\"(max-width: 599px) 100vw, 599px\" \/>\t\t\t\t\t\t\t\t\t\t\t\t\t\t\t<\/div>\n\t\t\t\t\t<\/div>\n\t\t\t\t<\/div>\n\t\t<div class=\"elementor-element elementor-element-845237d e-flex e-con-boxed e-con e-parent\" data-id=\"845237d\" data-element_type=\"container\">\n\t\t\t\t\t<div class=\"e-con-inner\">\n\t\t<div class=\"elementor-element elementor-element-605119a e-con-full e-flex e-con e-child\" data-id=\"605119a\" data-element_type=\"container\">\n\t\t<div class=\"elementor-element elementor-element-8d17dfe e-con-full e-flex e-con e-child\" data-id=\"8d17dfe\" data-element_type=\"container\">\n\t\t\t\t<div class=\"elementor-element elementor-element-46aa3b5 elementor-widget elementor-widget-image\" data-id=\"46aa3b5\" data-element_type=\"widget\" data-widget_type=\"image.default\">\n\t\t\t\t\t\t\t\t\t\t\t\t\t\t\t<img decoding=\"async\" width=\"300\" height=\"300\" src=\"https:\/\/camalex2026.fr\/wp-content\/uploads\/2025\/10\/cropped-logo-300x300.jpeg\" class=\"attachment-medium size-medium wp-image-210\" alt=\"\" srcset=\"https:\/\/camalex2026.fr\/wp-content\/uploads\/2025\/10\/cropped-logo-300x300.jpeg 300w, https:\/\/camalex2026.fr\/wp-content\/uploads\/2025\/10\/cropped-logo-150x150.jpeg 150w, https:\/\/camalex2026.fr\/wp-content\/uploads\/2025\/10\/cropped-logo-270x270.jpeg 270w, https:\/\/camalex2026.fr\/wp-content\/uploads\/2025\/10\/cropped-logo-192x192.jpeg 192w, https:\/\/camalex2026.fr\/wp-content\/uploads\/2025\/10\/cropped-logo-180x180.jpeg 180w, https:\/\/camalex2026.fr\/wp-content\/uploads\/2025\/10\/cropped-logo-32x32.jpeg 32w, https:\/\/camalex2026.fr\/wp-content\/uploads\/2025\/10\/cropped-logo.jpeg 512w\" sizes=\"(max-width: 300px) 100vw, 300px\" \/>\t\t\t\t\t\t\t\t\t\t\t\t\t\t\t<\/div>\n\t\t\t\t<div class=\"elementor-element elementor-element-0526019 elementor-widget elementor-widget-heading\" data-id=\"0526019\" data-element_type=\"widget\" data-widget_type=\"heading.default\">\n\t\t\t\t\t<h2 class=\"elementor-heading-title elementor-size-default\"><p>04.07.2026<\/p><\/h2>\t\t\t\t<\/div>\n\t\t\t\t<\/div>\n\t\t<div class=\"elementor-element elementor-element-d6dd932 e-con-full e-flex e-con e-child\" data-id=\"d6dd932\" data-element_type=\"container\">\n\t\t\t\t<div class=\"elementor-element elementor-element-c02e5e2 elementor-widget elementor-widget-image\" data-id=\"c02e5e2\" data-element_type=\"widget\" data-widget_type=\"image.default\">\n\t\t\t\t\t\t\t\t\t\t\t\t\t\t\t<img decoding=\"async\" width=\"500\" height=\"671\" src=\"https:\/\/camalex2026.fr\/wp-content\/uploads\/2025\/11\/fleurs.png\" class=\"attachment-large size-large wp-image-363\" alt=\"\" srcset=\"https:\/\/camalex2026.fr\/wp-content\/uploads\/2025\/11\/fleurs.png 500w, https:\/\/camalex2026.fr\/wp-content\/uploads\/2025\/11\/fleurs-224x300.png 224w\" sizes=\"(max-width: 500px) 100vw, 500px\" \/>\t\t\t\t\t\t\t\t\t\t\t\t\t\t\t<\/div>\n\t\t\t\t<\/div>\n\t\t\t\t<\/div>\n\t\t\t\t\t<\/div>\n\t\t\t\t<\/div>\n\t\t\t\t<\/div>\n\t\t","protected":false},"excerpt":{"rendered":"<p>Liste de mariage Le plus important pour nous est de vous avoir \u00e0 nos c\u00f4t\u00e9s pour partager ce moment unique avec vous. Mais si vous souhaitez nous aider \u00e0 concr\u00e9tiser de jolis projets pour notre nouvelle vie \u00e0 deux, nous avons cr\u00e9\u00e9 une\u00a0liste de mariage. Un grand merci pour vos attentions et votre g\u00e9n\u00e9rosit\u00e9, elles [&hellip;]<\/p>\n","protected":false},"author":2,"featured_media":0,"parent":0,"menu_order":0,"comment_status":"closed","ping_status":"closed","template":"","meta":{"ocean_post_layout":"","ocean_both_sidebars_style":"","ocean_both_sidebars_content_width":0,"ocean_both_sidebars_sidebars_width":0,"ocean_sidebar":"","ocean_second_sidebar":"","ocean_disable_margins":"enable","ocean_add_body_class":"","ocean_shortcode_before_top_bar":"","ocean_shortcode_after_top_bar":"","ocean_shortcode_before_header":"","ocean_shortcode_after_header":"","ocean_has_shortcode":"","ocean_shortcode_after_title":"","ocean_shortcode_before_footer_widgets":"","ocean_shortcode_after_footer_widgets":"","ocean_shortcode_before_footer_bottom":"","ocean_shortcode_after_footer_bottom":"","ocean_display_top_bar":"default","ocean_display_header":"default","ocean_header_style":"","ocean_center_header_left_menu":"","ocean_custom_header_template":"","ocean_custom_logo":0,"ocean_custom_retina_logo":0,"ocean_custom_logo_max_width":0,"ocean_custom_logo_tablet_max_width":0,"ocean_custom_logo_mobile_max_width":0,"ocean_custom_logo_max_height":0,"ocean_custom_logo_tablet_max_height":0,"ocean_custom_logo_mobile_max_height":0,"ocean_header_custom_menu":"","ocean_menu_typo_font_family":"","ocean_menu_typo_font_subset":"","ocean_menu_typo_font_size":0,"ocean_menu_typo_font_size_tablet":0,"ocean_menu_typo_font_size_mobile":0,"ocean_menu_typo_font_size_unit":"px","ocean_menu_typo_font_weight":"","ocean_menu_typo_font_weight_tablet":"","ocean_menu_typo_font_weight_mobile":"","ocean_menu_typo_transform":"","ocean_menu_typo_transform_tablet":"","ocean_menu_typo_transform_mobile":"","ocean_menu_typo_line_height":0,"ocean_menu_typo_line_height_tablet":0,"ocean_menu_typo_line_height_mobile":0,"ocean_menu_typo_line_height_unit":"","ocean_menu_typo_spacing":0,"ocean_menu_typo_spacing_tablet":0,"ocean_menu_typo_spacing_mobile":0,"ocean_menu_typo_spacing_unit":"","ocean_menu_link_color":"","ocean_menu_link_color_hover":"","ocean_menu_link_color_active":"","ocean_menu_link_background":"","ocean_menu_link_hover_background":"","ocean_menu_link_active_background":"","ocean_menu_social_links_bg":"","ocean_menu_social_hover_links_bg":"","ocean_menu_social_links_color":"","ocean_menu_social_hover_links_color":"","ocean_disable_title":"on","ocean_disable_heading":"default","ocean_post_title":"","ocean_post_subheading":"","ocean_post_title_style":"","ocean_post_title_background_color":"","ocean_post_title_background":0,"ocean_post_title_bg_image_position":"","ocean_post_title_bg_image_attachment":"","ocean_post_title_bg_image_repeat":"","ocean_post_title_bg_image_size":"","ocean_post_title_height":0,"ocean_post_title_bg_overlay":0.5,"ocean_post_title_bg_overlay_color":"","ocean_disable_breadcrumbs":"default","ocean_breadcrumbs_color":"","ocean_breadcrumbs_separator_color":"","ocean_breadcrumbs_links_color":"","ocean_breadcrumbs_links_hover_color":"","ocean_display_footer_widgets":"default","ocean_display_footer_bottom":"default","ocean_custom_footer_template":"","footnotes":""},"class_list":["post-528","page","type-page","status-publish","hentry","entry"],"_links":{"self":[{"href":"https:\/\/camalex2026.fr\/index.php\/wp-json\/wp\/v2\/pages\/528","targetHints":{"allow":["GET"]}}],"collection":[{"href":"https:\/\/camalex2026.fr\/index.php\/wp-json\/wp\/v2\/pages"}],"about":[{"href":"https:\/\/camalex2026.fr\/index.php\/wp-json\/wp\/v2\/types\/page"}],"author":[{"embeddable":true,"href":"https:\/\/camalex2026.fr\/index.php\/wp-json\/wp\/v2\/users\/2"}],"replies":[{"embeddable":true,"href":"https:\/\/camalex2026.fr\/index.php\/wp-json\/wp\/v2\/comments?post=528"}],"version-history":[{"count":35,"href":"https:\/\/camalex2026.fr\/index.php\/wp-json\/wp\/v2\/pages\/528\/revisions"}],"predecessor-version":[{"id":900,"href":"https:\/\/camalex2026.fr\/index.php\/wp-json\/wp\/v2\/pages\/528\/revisions\/900"}],"wp:attachment":[{"href":"https:\/\/camalex2026.fr\/index.php\/wp-json\/wp\/v2\/media?parent=528"}],"curies":[{"name":"wp","href":"https:\/\/api.w.org\/{rel}","templated":true}]}}